{"id":6028,"date":"2023-02-10T17:20:50","date_gmt":"2023-02-10T17:20:50","guid":{"rendered":"https:\/\/capelladeministrers.com\/biografia-capella-de-ministrers\/"},"modified":"2026-01-16T11:27:01","modified_gmt":"2026-01-16T11:27:01","slug":"biografia-capella-de-ministrers","status":"publish","type":"page","link":"https:\/\/capelladeministrers.com\/ca\/biografia-capella-de-ministrers\/","title":{"rendered":"Biograf\u00eda Capella de Ministrers"},"content":{"rendered":"\n<figure class=\"wp-block-image size-full imagen-cabecera-paginas\"><img loading=\"lazy\" decoding=\"async\" width=\"1170\" height=\"430\" src=\"https:\/\/capelladeministrers.com\/wp-content\/uploads\/2012\/10\/capelladeministrers_fotobiografia_bn.png\" alt=\"Biografia Capella de Ministrers\" class=\"wp-image-3576\" srcset=\"https:\/\/capelladeministrers.com\/wp-content\/uploads\/2012\/10\/capelladeministrers_fotobiografia_bn.png 1170w, https:\/\/capelladeministrers.com\/wp-content\/uploads\/2012\/10\/capelladeministrers_fotobiografia_bn-300x110.png 300w, https:\/\/capelladeministrers.com\/wp-content\/uploads\/2012\/10\/capelladeministrers_fotobiografia_bn-600x221.png 600w, https:\/\/capelladeministrers.com\/wp-content\/uploads\/2012\/10\/capelladeministrers_fotobiografia_bn-1024x376.png 1024w, https:\/\/capelladeministrers.com\/wp-content\/uploads\/2012\/10\/capelladeministrers_fotobiografia_bn-768x282.png 768w\" sizes=\"auto, (max-width: 1170px) 100vw, 1170px\" \/><\/figure>\n\n\n\n<div class=\"wp-block-columns is-layout-flex wp-container-core-columns-is-layout-9d6595d7 wp-block-columns-is-layout-flex\">\n<div class=\"wp-block-column is-layout-flow wp-block-column-is-layout-flow\">\n<p>Fundada en 1987 per Carles Magraner, Capella de Ministrers \u00e9s una agrupaci\u00f3 espanyola dedicada a la investigaci\u00f3 i difusi\u00f3 de la m\u00fasica hist\u00f2rica, abastant des de l\u2019Edat Mitjana fins al segle XIX. El seu treball combina rigor musicol\u00f2gic amb una interpretaci\u00f3 sensible i apassionada, la qual cosa l\u2019ha convertida en un referent de la m\u00fasica antiga.<\/p>\n\n\n\n<p>Al llarg de la seua traject\u00f2ria, ha oferit concerts en prestigioses sales d\u2019Espanya com l\u2019Auditori Nacional i el Palau de la M\u00fasica de Val\u00e8ncia, i ha participat en festivals com el Festival Internacional de M\u00fasica i Dansa de Granada i el Festival de M\u00fasica Antiga i Barroca de Pen\u00edscola. La seua projecci\u00f3 internacional \u00e9s destacada, amb actuacions en pa\u00efsos com Fran\u00e7a, It\u00e0lia, Alemanya, els Estats Units, la Xina i el Marroc, interpretant en espais emblem\u00e0tics com el Metropolitan Museum de Nova York i el BachFestival de Leipzig.<\/p>\n\n\n\n<p>Capella de Ministrers compta amb una extensa discografia sota segells com Auvidis i CDM, el seu propi segell discogr\u00e0fic. Ha rebut m\u00faltiples guardons, incloent-hi l&#8217;International Classical Music Award (ICMA) en 2018 i 2023, el Premi Carles Santos de la M\u00fasica Valenciana i la Medalla d\u2019Honor del Consell Valenci\u00e0 de Cultura en 2023.<\/p>\n\n\n\n<p>A m\u00e9s del seu treball en concerts i gravacions, l&#8217;agrupaci\u00f3 ha fet incursions en les arts esc\u00e8niques, col\u00b7laborant amb directors, core\u00f2grafs i m\u00fasics de renom. Capella de Ministrers segueix compromesa amb la recuperaci\u00f3 i difusi\u00f3 del patrimoni musical, consolidant-se com una de les formacions m\u00e9s prestigioses del seu \u00e0mbit.<\/p>\n\n\n<style>.wp-block-kadence-spacer.kt-block-spacer-6028_c1e153-13 .kt-block-spacer{height:20px;}.wp-block-kadence-spacer.kt-block-spacer-6028_c1e153-13 .kt-divider{border-top-width:2px;border-top-color:#cdc8c6;width:80%;border-top-style:solid;}<\/style>\n<div class=\"wp-block-kadence-spacer aligncenter kt-block-spacer-6028_c1e153-13\"><div class=\"kt-block-spacer kt-block-spacer-halign-center\"><hr class=\"kt-divider\"\/><\/div><\/div>\n\n\n\n<p><\/p>\n\n\n\n<h2 class=\"wp-block-heading\">Biografia detallada<\/h2>\n\n\n\n<p>Des de la seua creaci\u00f3 l&#8217;any 1987, el grup Capella de Ministrers, sota la direcci\u00f3 de Carles Magraner, ha desenvolupat una important tasca investigadora i musicol\u00f2gica en favor del patrimoni musical espanyol, des del medievo fins al segle XIX. El resultat, transformat en testimoni musical, conjuga a la perfecci\u00f3 tres factors clau: el rigor hist\u00f2ric, la sensibilitat musical i, molt especialment, un incontenible desig de comunicar-nos i fer-nos part\u00edcips d&#8217;aquestes experi\u00e8ncies.<\/p>\n\n\n\n<p>L&#8217;activitat concert\u00edstica de la formaci\u00f3 ha sigut molt intensa des de l&#8217;inici de la seua activitat, recorrent les millors sales de m\u00fasica d&#8217;Espanya: Auditori Nacional d&#8217;Espanya, Palau de la M\u00fasica de Val\u00e8ncia, Palau de la M\u00fasica Catalana, Auditori de Lle\u00f3, Teatro de la Maestranza, El Escorial, Centro Conde Duque, Auditori de Castell\u00f3, Teatro Cervantes\u2026 Aix\u00ed mateix, ha participat en nombrosos festivals, d&#8217;entre els quals cal destacar el Festival de M\u00fasica Antiga de Barcelona, Madrid Cultural 1992 (amb la recuperaci\u00f3 de l&#8217;\u00f2pera\u00a0<em>Los elementos<\/em>\u00a0d&#8217;Antonio Literes), Festival de Teatro Cl\u00e1sico de Almagro, Festival de M\u00fasica Antiga i Barroca de Pen\u00edscola, Festival de Peralada, Quinzena Musical Donostiarra, Los Veranos de la Villa (Madrid), Festival Grec (Barcelona), Festival Internacional de M\u00fasica i Dansa de Granada, Festival de M\u00fasica Religiosa de Conca, Serenates a la Universitat (Val\u00e8ncia), Festival Are More (Vigo), Festival Medieval d&#8217;Elx, entre d&#8217;altres.<br><br>La seua projecci\u00f3 \u00e9s tamb\u00e9 internacional. Ha realitzat gires de concerts i participat en festivals en pa\u00efsos com Fran\u00e7a, B\u00e8lgica, Romania, Portugal, Holanda, Egipte, It\u00e0lia, Alemanya, el Marroc, Anglaterra, Pol\u00f2nia, Tun\u00edsia, Xile, Portugal, Gr\u00e8cia, Argentina, Brasil, els EUA, M\u00e8xic, Finl\u00e0ndia, \u00c0ustria, Cuba, Cro\u00e0cia, la Xina, Alg\u00e8ria, Su\u00e8cia, Noruega, l&#8217;\u00cdndia, Col\u00f2mbia, Taiwan, etc. i espais com el Metropolitan Museum i la Hispanic Society de Nova York, el BachFestival de Leipzig, EuropaMusicale a Munic, el Festival de Fez, Festival de Morelia, Early Music Festival Praga, Serviqc Brezice Ljibljana, Stockholm Early Music Festival, Banchetto Musicale Early Music Festival Litu\u00e0nia, Forum Alte Musik Z\u00fcrich, entre d&#8217;altres.<br><br>Al maig de 2008 va actuar en la inauguraci\u00f3 de la Casa de la Llengua Espanyola a Rodes, presidida per S.M. la Reina Donya Sofia en viatge oficial. Aquell mateix any el grup va participar en l&#8217;acte oficial d&#8217;homenatge al rei Jaume I que va tindre lloc al Monestir de Poblet, amb motiu del 800 aniversari del seu naixement.<br><br>Aquesta traject\u00f2ria d&#8217;estudi i recuperaci\u00f3 ha quedat recollida en la seua extensa discografia per a segells com EGT, Blau, Auvidis i\u00a0CDM, el seu propi segell discogr\u00e0fic. Ha rebut m\u00faltiples guardons, incloent-hi l&#8217;International Classical Music Award (ICMA) en 2018 (pel disc\u00a0<em>Quattrocento<\/em>) i en 2023 (per\u00a0<em>El collar de la paloma<\/em>), i va ser finalista el 2021 per\u00a0<em>Super Lamentationes<\/em>. Tamb\u00e9 destaquen el Premi Carles Santos de la M\u00fasica Valenciana, la Medalla d\u2019Honor del Consell Valenci\u00e0 de Cultura el 2023, el premi a la Millor Producci\u00f3 Discogr\u00e0fica del Ministeri de Cultura, el Premi a la Difusi\u00f3 Pla\u00e7a del Llibre 2017 i el distintiu de qualitat de la GVA Mediterranew Musix. Ha sigut guanyador en dues ocasions dels International Classical Music Award (ICMA) en la categoria de M\u00fasica Antiga pel seu disc\u00a0<em>Quattrocento<\/em>\u00a0en 2018 i pel seu disc\u00a0<em>El collar de la paloma<\/em>\u00a0en 2023 i finalista pel seu disc\u00a0<em>Super Lamentationes<\/em>\u00a0en 2021, el Premi Carles Santos de la M\u00fasica Valenciana 2018 al millor disc de recuperaci\u00f3 de patrimoni, a m\u00e9s de finalista d&#8217;aquest guard\u00f3 en 2019 i 2020. Ha rebut el Premi Menkes de la Sala Russafa al millor espectacle de dansa de 2020 per\u00a0<em>A Circle in the Water<\/em>, el Premi de la premsa a la millor agrupaci\u00f3 espanyola de m\u00fasica antiga 2022 i la Medalla d\u2019Honor del Consell Valenci\u00e0 de Cultura en 2023. Capella de Ministrers \u00e9s membre de l&#8217;Asociaci\u00f3n de Grupos Espa\u00f1oles de M\u00fasica Antigua (GEMA).<br><br>M\u00e9s enll\u00e0 de l&#8217;\u00e0mbit estrictament musical, l&#8217;agrupaci\u00f3 ha realitzat incursions en les\u00a0arts esc\u00e8niques, col\u00b7laborant amb directors de renom com \u00c0lex Rigola, Juli Leal, Vicent Genov\u00e9s, Jaume Martorell i Bigas Luna; amb core\u00f2grafs com Santiago Sempere; i amb artistes contemporanis com Isabel Mu\u00f1oz, Eva Lootz o Carmen Calvo. Ha recuperat obres com la sarsuela in\u00e8dita\u00a0<em>La madrile\u00f1a<\/em>\u00a0de Vicente Mart\u00edn i Soler, el primer Oratori Sacre espanyol i una aproximaci\u00f3 hist\u00f2rica al Misteri d\u2019Elx.<br><br>La seua m\u00fasica del\u00a0<em>Cant de la Sibil\u00b7la<\/em>\u00a0forma part de la banda sonora de la pel\u00b7l\u00edcula\u00a0<em>Son de mar<\/em>\u00a0de Bigas Luna. Aquest treball va suposar l&#8217;inici d&#8217;una relaci\u00f3 professional amb el director catal\u00e0, qui en 2003 va requerir la participaci\u00f3 de Capella en l&#8217;adaptaci\u00f3 de les\u00a0<em>Comedias b\u00e1rbaras<\/em>\u00a0de Valle-Incl\u00e1n, en la clausura de la II Biennal de Val\u00e8ncia. La m\u00fasica del seu CD\u00a0<em>A Circle in the Water<\/em>\u00a0forma part de la banda sonora de la pel\u00b7l\u00edcula\u00a0<em>El cercle en l\u2019aigua<\/em>\u00a0dirigida per Vicent Monson\u00eds i basada en l&#8217;obra de teatre\u00a0<em>La Estancia<\/em>\u00a0de Chema Carde\u00f1a. Les ajudes institucionals per part de l&#8217;Institut Valenci\u00e0 de Cultura de la Generalitat Valenciana i de l&#8217;INAEM del Ministeri de Cultura, permeten que hui siga una realitat la difusi\u00f3 discogr\u00e0fica i concert\u00edstica a nivell nacional i internacional. La Universitat de Val\u00e8ncia, per la seua banda, patrocina les activitats de recerca, recuperaci\u00f3 i difusi\u00f3 del patrimoni musical realitzades per Capella de Ministrers.<\/p>\n<\/div>\n<\/div>\n\n\n<style>.wp-block-kadence-advancedbtn.kt-btns6028_36efe1-8e, .site .entry-content .wp-block-kadence-advancedbtn.kt-btns6028_36efe1-8e, .wp-block-kadence-advancedbtn.kb-btns6028_36efe1-8e, .site .entry-content .wp-block-kadence-advancedbtn.kb-btns6028_36efe1-8e{margin-top:20px;margin-bottom:30px;}.wp-block-kadence-advancedbtn.kb-btns6028_36efe1-8e{gap:var(--global-kb-gap-xs, 0.5rem );justify-content:center;align-items:center;}.kt-btns6028_36efe1-8e .kt-button{font-weight:normal;font-style:normal;}<\/style>\n<div class=\"wp-block-kadence-advancedbtn kb-buttons-wrap kb-btns6028_36efe1-8e\"><style>ul.menu .wp-block-kadence-advancedbtn .kb-btn6028_2d3794-ba.kb-button{width:initial;}<\/style><a class=\"kb-button kt-button button kb-btn6028_2d3794-ba kt-btn-size-standard kt-btn-width-type-auto kb-btn-global-inherit  kt-btn-has-text-true kt-btn-has-svg-true  wp-block-button__link wp-block-kadence-singlebtn\" href=\"https:\/\/capelladeministrers.com\/wp-content\/uploads\/2024\/04\/CdM_Dossier.pdf\" target=\"_blank\" rel=\"noreferrer noopener\"><span class=\"kt-btn-inner-text\">Dossier Capella de Ministrers<\/span><span class=\"kb-svg-icon-wrap kb-svg-icon-fas_file-pdf kt-btn-icon-side-right\"><svg viewBox=\"0 0 384 512\"  fill=\"currentColor\" xmlns=\"http:\/\/www.w3.org\/2000\/svg\"  aria-hidden=\"true\"><path d=\"M181.9 256.1c-5-16-4.9-46.9-2-46.9 8.4 0 7.6 36.9 2 46.9zm-1.7 47.2c-7.7 20.2-17.3 43.3-28.4 62.7 18.3-7 39-17.2 62.9-21.9-12.7-9.6-24.9-23.4-34.5-40.8zM86.1 428.1c0 .8 13.2-5.4 34.9-40.2-6.7 6.3-29.1 24.5-34.9 40.2zM248 160h136v328c0 13.3-10.7 24-24 24H24c-13.3 0-24-10.7-24-24V24C0 10.7 10.7 0 24 0h200v136c0 13.2 10.8 24 24 24zm-8 171.8c-20-12.2-33.3-29-42.7-53.8 4.5-18.5 11.6-46.6 6.2-64.2-4.7-29.4-42.4-26.5-47.8-6.8-5 18.3-.4 44.1 8.1 77-11.6 27.6-28.7 64.6-40.8 85.8-.1 0-.1.1-.2.1-27.1 13.9-73.6 44.5-54.5 68 5.6 6.9 16 10 21.5 10 17.9 0 35.7-18 61.1-61.8 25.8-8.5 54.1-19.1 79-23.2 21.7 11.8 47.1 19.5 64 19.5 29.2 0 31.2-32 19.7-43.4-13.9-13.6-54.3-9.7-73.6-7.2zM377 105L279 7c-4.5-4.5-10.6-7-17-7h-6v128h128v-6.1c0-6.3-2.5-12.4-7-16.9zm-74.1 255.3c4.1-2.7-2.5-11.9-42.8-9 37.1 15.8 42.8 9 42.8 9z\"\/><\/svg><\/span><\/a><\/div>\n\n\n\n<p class=\"has-text-align-center\"><img decoding=\"async\" src=\"https:\/\/capelladeministrers.com\/wp-content\/uploads\/2024\/06\/colaboradoresCDM_webOK-1024x73.png\" alt=\"\"><span style=\"font-size: 8pt;\">Colaboradores de los conciertos de Capella de Ministrers<\/span><\/p>\n\n\n\n<div class=\"wp-block-columns is-layout-flex wp-container-core-columns-is-layout-9d6595d7 wp-block-columns-is-layout-flex\">\n<div class=\"wp-block-column is-layout-flow wp-block-column-is-layout-flow\" style=\"flex-basis:15%\"><\/div>\n\n\n\n<div class=\"wp-block-column is-layout-flow wp-block-column-is-layout-flow\" style=\"flex-basis:15%\"><\/div>\n<\/div>\n\n\n\n<div class=\"wp-block-columns is-layout-flex wp-container-core-columns-is-layout-9d6595d7 wp-block-columns-is-layout-flex\">\n<div class=\"wp-block-column is-layout-flow wp-block-column-is-layout-flow\" style=\"flex-basis:35%\"><\/div>\n\n\n\n<div class=\"wp-block-column is-vertically-aligned-center is-layout-flow wp-block-column-is-layout-flow\" style=\"flex-basis:15%\"><\/div>\n\n\n\n<div class=\"wp-block-column is-vertically-aligned-center is-layout-flow wp-block-column-is-layout-flow\" style=\"flex-basis:15%\"><\/div>\n\n\n\n<div class=\"wp-block-column is-layout-flow wp-block-column-is-layout-flow\" style=\"flex-basis:35%\"><\/div>\n<\/div>\n","protected":false},"excerpt":{"rendered":"<p>Fundada en 1987 per Carles Magraner, Capella de Ministrers \u00e9s una agrupaci\u00f3 espanyola dedicada a la investigaci\u00f3 i difusi\u00f3 de la m\u00fasica hist\u00f2rica, abastant des de l\u2019Edat Mitjana fins al segle XIX. El seu treball combina rigor musicol\u00f2gic amb una interpretaci\u00f3 sensible i apassionada, la qual cosa l\u2019ha convertida en un referent de la m\u00fasica [&hellip;]<\/p>\n","protected":false},"author":1,"featured_media":0,"parent":0,"menu_order":0,"comment_status":"closed","ping_status":"closed","template":"","meta":{"ocean_post_layout":"","ocean_both_sidebars_style":"","ocean_both_sidebars_content_width":0,"ocean_both_sidebars_sidebars_width":0,"ocean_sidebar":"0","ocean_second_sidebar":"0","ocean_disable_margins":"on","ocean_add_body_class":"","ocean_shortcode_before_top_bar":"","ocean_shortcode_after_top_bar":"","ocean_shortcode_before_header":"","ocean_shortcode_after_header":"","ocean_has_shortcode":"","ocean_shortcode_after_title":"","ocean_shortcode_before_footer_widgets":"","ocean_shortcode_after_footer_widgets":"","ocean_shortcode_before_footer_bottom":"","ocean_shortcode_after_footer_bottom":"","ocean_display_top_bar":"default","ocean_display_header":"default","ocean_header_style":"","ocean_center_header_left_menu":"0","ocean_custom_header_template":"0","ocean_custom_logo":0,"ocean_custom_retina_logo":0,"ocean_custom_logo_max_width":0,"ocean_custom_logo_tablet_max_width":0,"ocean_custom_logo_mobile_max_width":0,"ocean_custom_logo_max_height":0,"ocean_custom_logo_tablet_max_height":0,"ocean_custom_logo_mobile_max_height":0,"ocean_header_custom_menu":"0","ocean_menu_typo_font_family":"0","ocean_menu_typo_font_subset":"","ocean_menu_typo_font_size":0,"ocean_menu_typo_font_size_tablet":0,"ocean_menu_typo_font_size_mobile":0,"ocean_menu_typo_font_size_unit":"px","ocean_menu_typo_font_weight":"","ocean_menu_typo_font_weight_tablet":"","ocean_menu_typo_font_weight_mobile":"","ocean_menu_typo_transform":"","ocean_menu_typo_transform_tablet":"","ocean_menu_typo_transform_mobile":"","ocean_menu_typo_line_height":0,"ocean_menu_typo_line_height_tablet":0,"ocean_menu_typo_line_height_mobile":0,"ocean_menu_typo_line_height_unit":"","ocean_menu_typo_spacing":0,"ocean_menu_typo_spacing_tablet":0,"ocean_menu_typo_spacing_mobile":0,"ocean_menu_typo_spacing_unit":"","ocean_menu_link_color":"","ocean_menu_link_color_hover":"","ocean_menu_link_color_active":"","ocean_menu_link_background":"","ocean_menu_link_hover_background":"","ocean_menu_link_active_background":"","ocean_menu_social_links_bg":"","ocean_menu_social_hover_links_bg":"","ocean_menu_social_links_color":"","ocean_menu_social_hover_links_color":"","ocean_disable_title":"enable","ocean_disable_heading":"enable","ocean_post_title":"Capella de Ministrers","ocean_post_subheading":"BIOGRAFIA","ocean_post_title_style":"centered","ocean_post_title_background_color":"","ocean_post_title_background":0,"ocean_post_title_bg_image_position":"","ocean_post_title_bg_image_attachment":"","ocean_post_title_bg_image_repeat":"","ocean_post_title_bg_image_size":"","ocean_post_title_height":0,"ocean_post_title_bg_overlay":0.5,"ocean_post_title_bg_overlay_color":"","ocean_disable_breadcrumbs":"default","ocean_breadcrumbs_color":"","ocean_breadcrumbs_separator_color":"","ocean_breadcrumbs_links_color":"","ocean_breadcrumbs_links_hover_color":"","ocean_display_footer_widgets":"default","ocean_display_footer_bottom":"default","ocean_custom_footer_template":"0","footnotes":""},"class_list":["post-6028","page","type-page","status-publish","hentry","entry","owp-thumbs-layout-vertical","owp-btn-big","owp-tabs-layout-section","has-no-thumbnails"],"_links":{"self":[{"href":"https:\/\/capelladeministrers.com\/ca\/wp-json\/wp\/v2\/pages\/6028","targetHints":{"allow":["GET"]}}],"collection":[{"href":"https:\/\/capelladeministrers.com\/ca\/wp-json\/wp\/v2\/pages"}],"about":[{"href":"https:\/\/capelladeministrers.com\/ca\/wp-json\/wp\/v2\/types\/page"}],"author":[{"embeddable":true,"href":"https:\/\/capelladeministrers.com\/ca\/wp-json\/wp\/v2\/users\/1"}],"replies":[{"embeddable":true,"href":"https:\/\/capelladeministrers.com\/ca\/wp-json\/wp\/v2\/comments?post=6028"}],"version-history":[{"count":0,"href":"https:\/\/capelladeministrers.com\/ca\/wp-json\/wp\/v2\/pages\/6028\/revisions"}],"wp:attachment":[{"href":"https:\/\/capelladeministrers.com\/ca\/wp-json\/wp\/v2\/media?parent=6028"}],"curies":[{"name":"wp","href":"https:\/\/api.w.org\/{rel}","templated":true}]}}